{"id":19661,"date":"2025-11-26T16:39:20","date_gmt":"2025-11-26T16:39:20","guid":{"rendered":"https:\/\/senortechsolutions.com\/shop\/product\/iiyama-otf2216mc-b1-signage-display-digital-signage-flat-panel-55-9-cm-22-lcd-1100-cd-ma%c2%b2-full-hd-black-touchscreen\/"},"modified":"2025-11-26T16:39:33","modified_gmt":"2025-11-26T16:39:33","slug":"iiyama-otf2216mc-b1-signage-display-digital-signage-flat-panel-55-9-cm-22-lcd-1100-cd-ma%c2%b2-full-hd-black-touchscreen","status":"publish","type":"product","link":"https:\/\/senortechsolutions.com\/shop\/product\/iiyama-otf2216mc-b1-signage-display-digital-signage-flat-panel-55-9-cm-22-lcd-1100-cd-ma%c2%b2-full-hd-black-touchscreen\/","title":{"rendered":"iiyama OTF2216MC-B1 Signage Display Digital signage flat panel 55.9 cm (22&#8243;) LCD 1100 cd\/m\u00c2\u00b2 Full HD Black Touchscreen"},"content":{"rendered":"<p>21.5&#8243; high-brightness touchscreen with 10 touch points PCAP touch technology for semi-outdoor applications<\/p>\n<p>Built into a rugged, edge-to-edge glass bezel the ProLite OTF2216MC-B1 guarantees high durability and scratch-resistance, making it perfect for high use public facing applications. Landscape, portrait and face-up orientation ensure flexibility in any type of installation. It offers a brightness of up to 935 cd\/m\u00c2\u00b2, the content displayed will be visible even in very bright environments. The anti-glare display is UV resistant and IP65 protected, ensuring durability against sunlight, dust and water resistance from the front, additionally it can operate in temperatures ranging from -20\u00cb\u0161C up to +60\u00cb\u0161C. The anti-fingerprint coating ensures a smoother touch. A reliable solution for pick-up points and kiosks. A proximity sensor turns off the screen when no one is present, an ambient light sensor adjusts screen brightness, and a temperature sensor controls fan speed for cooling, resulting in energy savings and extended product durability. For ease of integration, the ProLite OTF2216MC-B1 can be equipped with optional external mounting brackets (OMK3-1) making it an ideal solution for kiosk integrators, industrial environments, control rooms and interactive multimedia.<\/p>\n<p><b>SMART SENSORS<\/b><br \/>A proximity sensor turns the screen off after a while when it detects no one in the environment, an ambient light sensor adjusts the screen brightness when ambient light changes, and a temperature sensor linearly controls the fan speed, cooling the monitor when the temperature rises, resulting in energy savings and extends the durability of the product.<\/p>\n","protected":false},"excerpt":{"rendered":"<p>22&#8243;, VA, 1920 x 1080, 60 Hz, 25 ms, Black, 345.2 x 194.6mm, projective capacitive, IP65<\/p>\n","protected":false},"featured_media":19662,"comment_status":"open","ping_status":"open","template":"","meta":[],"product_brand":[],"product_cat":[485,488,490],"product_tag":[],"class_list":{"0":"post-19661","1":"product","2":"type-product","3":"status-publish","4":"has-post-thumbnail","6":"product_cat-industrial-lab-equipment","7":"product_cat-signage","8":"product_cat-signage-displays","9":"pa_brand-iiyama","11":"first","12":"instock","13":"taxable","14":"shipping-taxable","15":"product-type-simple"},"_links":{"self":[{"href":"https:\/\/senortechsolutions.com\/shop\/wp-json\/wp\/v2\/product\/19661","targetHints":{"allow":["GET"]}}],"collection":[{"href":"https:\/\/senortechsolutions.com\/shop\/wp-json\/wp\/v2\/product"}],"about":[{"href":"https:\/\/senortechsolutions.com\/shop\/wp-json\/wp\/v2\/types\/product"}],"replies":[{"embeddable":true,"href":"https:\/\/senortechsolutions.com\/shop\/wp-json\/wp\/v2\/comments?post=19661"}],"version-history":[{"count":0,"href":"https:\/\/senortechsolutions.com\/shop\/wp-json\/wp\/v2\/product\/19661\/revisions"}],"wp:featuredmedia":[{"embeddable":true,"href":"https:\/\/senortechsolutions.com\/shop\/wp-json\/wp\/v2\/media\/19662"}],"wp:attachment":[{"href":"https:\/\/senortechsolutions.com\/shop\/wp-json\/wp\/v2\/media?parent=19661"}],"wp:term":[{"taxonomy":"product_brand","embeddable":true,"href":"https:\/\/senortechsolutions.com\/shop\/wp-json\/wp\/v2\/product_brand?post=19661"},{"taxonomy":"product_cat","embeddable":true,"href":"https:\/\/senortechsolutions.com\/shop\/wp-json\/wp\/v2\/product_cat?post=19661"},{"taxonomy":"product_tag","embeddable":true,"href":"https:\/\/senortechsolutions.com\/shop\/wp-json\/wp\/v2\/product_tag?post=19661"}],"curies":[{"name":"wp","href":"https:\/\/api.w.org\/{rel}","templated":true}]}}