{"id":19663,"date":"2025-11-26T16:39:20","date_gmt":"2025-11-26T16:39:20","guid":{"rendered":"https:\/\/senortechsolutions.com\/shop\/product\/iiyama-otf1616mc-b1-signage-display-digital-signage-flat-panel-39-6-cm-15-6-lcd-1100-cd-ma%c2%b2-full-hd-black-touchscreen\/"},"modified":"2025-11-26T16:39:34","modified_gmt":"2025-11-26T16:39:34","slug":"iiyama-otf1616mc-b1-signage-display-digital-signage-flat-panel-39-6-cm-15-6-lcd-1100-cd-ma%c2%b2-full-hd-black-touchscreen","status":"publish","type":"product","link":"https:\/\/senortechsolutions.com\/shop\/product\/iiyama-otf1616mc-b1-signage-display-digital-signage-flat-panel-39-6-cm-15-6-lcd-1100-cd-ma%c2%b2-full-hd-black-touchscreen\/","title":{"rendered":"iiyama OTF1616MC-B1 Signage Display Digital signage flat panel 39.6 cm (15.6&#8243;) LCD 1100 cd\/m\u00c2\u00b2 Full HD Black Touchscreen"},"content":{"rendered":"<p>15.6&#8243; high-brightness touchscreen with 10 touch points PCAP touch technology for semi-outdoor applications<\/p>\n<p>Built into a rugged, edge-to-edge glass bezel the ProLite OTF1616MC-B1 guarantees high durability and scratch-resistance, making it perfect for high use public facing applications. Landscape, portrait and face-up orientation ensure flexibility in any type of installation. It offers a brightness of up to 935 cd\/m\u00c2\u00b2, the content displayed will be visible even in very bright environments. The anti-glare display is UV resistant and IP65 protected, ensuring durability against sunlight, dust and water resistance from the front, additionally it can operate in temperatures ranging from -20\u00cb\u0161C up to +60\u00cb\u0161C. <\/p>\n<p>The anti-fingerprint coating ensures a smoother touch. A reliable solution for pick-up points and kiosks. A proximity sensor turns off the screen when no one is present, an ambient light sensor adjusts screen brightness, and a temperature sensor controls fan speed for cooling, resulting in energy savings and extended product durability. For ease of integration, the ProLite OTF1616MC-B1 can be equipped with optional external mounting brackets (OMK5-1) making it an ideal solution for kiosk integrators, industrial environments, control rooms and interactive multi-media.<\/p>\n<p><b>HIGH-BRIGHTNESS<\/b><br \/>The display offers a brightness of up to 935 cd\/m\u00c2\u00b2, so that the content displayed on the screen is clearly visible even in very bright environments.<\/p>\n","protected":false},"excerpt":{"rendered":"<p>15.6&#8243;, 39.5cm, VA, 1920 x 1080, 60 Hz, 25 ms, Black, 345.2 x 194.6mm, projective capacitive, IP65<\/p>\n","protected":false},"featured_media":19664,"comment_status":"open","ping_status":"open","template":"","meta":[],"product_brand":[],"product_cat":[485,488,490],"product_tag":[],"class_list":{"0":"post-19663","1":"product","2":"type-product","3":"status-publish","4":"has-post-thumbnail","6":"product_cat-industrial-lab-equipment","7":"product_cat-signage","8":"product_cat-signage-displays","9":"pa_brand-iiyama","11":"first","12":"instock","13":"taxable","14":"shipping-taxable","15":"product-type-simple"},"_links":{"self":[{"href":"https:\/\/senortechsolutions.com\/shop\/wp-json\/wp\/v2\/product\/19663","targetHints":{"allow":["GET"]}}],"collection":[{"href":"https:\/\/senortechsolutions.com\/shop\/wp-json\/wp\/v2\/product"}],"about":[{"href":"https:\/\/senortechsolutions.com\/shop\/wp-json\/wp\/v2\/types\/product"}],"replies":[{"embeddable":true,"href":"https:\/\/senortechsolutions.com\/shop\/wp-json\/wp\/v2\/comments?post=19663"}],"version-history":[{"count":0,"href":"https:\/\/senortechsolutions.com\/shop\/wp-json\/wp\/v2\/product\/19663\/revisions"}],"wp:featuredmedia":[{"embeddable":true,"href":"https:\/\/senortechsolutions.com\/shop\/wp-json\/wp\/v2\/media\/19664"}],"wp:attachment":[{"href":"https:\/\/senortechsolutions.com\/shop\/wp-json\/wp\/v2\/media?parent=19663"}],"wp:term":[{"taxonomy":"product_brand","embeddable":true,"href":"https:\/\/senortechsolutions.com\/shop\/wp-json\/wp\/v2\/product_brand?post=19663"},{"taxonomy":"product_cat","embeddable":true,"href":"https:\/\/senortechsolutions.com\/shop\/wp-json\/wp\/v2\/product_cat?post=19663"},{"taxonomy":"product_tag","embeddable":true,"href":"https:\/\/senortechsolutions.com\/shop\/wp-json\/wp\/v2\/product_tag?post=19663"}],"curies":[{"name":"wp","href":"https:\/\/api.w.org\/{rel}","templated":true}]}}