{"id":24263,"date":"2025-11-26T17:12:50","date_gmt":"2025-11-26T17:12:50","guid":{"rendered":"https:\/\/senortechsolutions.com\/shop\/product\/samsung-65w-trio-universal-power-adapter-black-indoor\/"},"modified":"2025-11-26T17:12:51","modified_gmt":"2025-11-26T17:12:51","slug":"samsung-65w-trio-universal-power-adapter-black-indoor","status":"publish","type":"product","link":"https:\/\/senortechsolutions.com\/shop\/product\/samsung-65w-trio-universal-power-adapter-black-indoor\/","title":{"rendered":"Samsung 65W Trio Universal Power Adapter Black Indoor"},"content":{"rendered":"<p><b>Enjoy having 3 devices charging at the same time<\/b>  Experience the power and versatility of a triple port charger.  *Charging cable is not included.  <b>Fast charging power<\/b>  Fast, safe and stable so you don\u00e2\u20ac\u2122t have to settle for less. Enjoy Super Fast Charging for your range of tech essentials.  *Charging cable is not included.**Power outputs for a single versus multiple devices vary as follows: Up to 65W when charging a single device under PD 3.0 and SFC(Super Fast Charging) 2.0 conditions with USB-C. Up to 25W when charging a single device under PD 3.0 and SFC(Super Fast Charging) conditions with USB-C. Up to 15W a single device under AFC(Adaptive Fast Charging) conditions with USB-A. This adapter can charge up to 3 devices simultaneously with 65W maximum total output power as with 35W, 25W, and 5W respectively. Actual charging speed may vary depending on the number of devices.***Super Fast Charging (SFC) is Samsung&#8217;s fast charging method supported for Galaxy Notes (Note10 and higher), Galaxy S Series (S10 5G and higher), and other SFC capable devices such as iPhones (iPhone8 or higher), Adapative Fast Charging (AFC) is fast charing portocol for Samsung devices.****SFC 2.0(45W) is available on Galaxy S20 Ultra, Note10+ and higher. Other devices may be added in the future. *****USB PD 3.0(Power Delivery) is USB IF standard to charge quickly over USB-C. It is recommended to use USB standard cable.******PD 65W &#038; SFC 45W requires 5A cable.  <b>Universal Compatibility<\/b>  From earbuds to laptops, charge a wide range of devices at their optimal speeds and take advantage of ideal charging times for your devices.  *Charging cable is not included.**Devices may not charge properly, depending on factors such as connected device, cable, charging environment.  <b>Power your device safely<\/b>  Keep your devices safe from overcurrent, short circuits and high temperature. Charge safely and securely without worrying about noise and current leakage.  *Tested under third-party laboratory condition with EP-T6530. Independently assessed by T\u00c3\u0153V S\u00c3\u0153D or CTK Korea between 2021.10.1~21.10.31 in Korea.**This 65W adapter has been certified by the relevant authority in each country where it is sold.***For further information of test equipment or regulations of each country, please visit Contact US menu on Samsung.com.<\/p>\n","protected":false},"excerpt":{"rendered":"<p>USB-C x2, USB-A, 5V \/ 3A, 100-240 V, 52 x 30 x 100.7 mm, 160 g, Black<\/p>\n","protected":false},"featured_media":24264,"comment_status":"open","ping_status":"open","template":"","meta":[],"product_brand":[],"product_cat":[208,214],"product_tag":[],"class_list":{"0":"post-24263","1":"product","2":"type-product","3":"status-publish","4":"has-post-thumbnail","6":"product_cat-batteries-power-supplies","7":"product_cat-mobile-device-chargers","8":"pa_brand-samsung","10":"first","11":"instock","12":"taxable","13":"shipping-taxable","14":"product-type-simple"},"_links":{"self":[{"href":"https:\/\/senortechsolutions.com\/shop\/wp-json\/wp\/v2\/product\/24263","targetHints":{"allow":["GET"]}}],"collection":[{"href":"https:\/\/senortechsolutions.com\/shop\/wp-json\/wp\/v2\/product"}],"about":[{"href":"https:\/\/senortechsolutions.com\/shop\/wp-json\/wp\/v2\/types\/product"}],"replies":[{"embeddable":true,"href":"https:\/\/senortechsolutions.com\/shop\/wp-json\/wp\/v2\/comments?post=24263"}],"version-history":[{"count":0,"href":"https:\/\/senortechsolutions.com\/shop\/wp-json\/wp\/v2\/product\/24263\/revisions"}],"wp:featuredmedia":[{"embeddable":true,"href":"https:\/\/senortechsolutions.com\/shop\/wp-json\/wp\/v2\/media\/24264"}],"wp:attachment":[{"href":"https:\/\/senortechsolutions.com\/shop\/wp-json\/wp\/v2\/media?parent=24263"}],"wp:term":[{"taxonomy":"product_brand","embeddable":true,"href":"https:\/\/senortechsolutions.com\/shop\/wp-json\/wp\/v2\/product_brand?post=24263"},{"taxonomy":"product_cat","embeddable":true,"href":"https:\/\/senortechsolutions.com\/shop\/wp-json\/wp\/v2\/product_cat?post=24263"},{"taxonomy":"product_tag","embeddable":true,"href":"https:\/\/senortechsolutions.com\/shop\/wp-json\/wp\/v2\/product_tag?post=24263"}],"curies":[{"name":"wp","href":"https:\/\/api.w.org\/{rel}","templated":true}]}}