{"id":24312,"date":"2025-11-26T17:13:17","date_gmt":"2025-11-26T17:13:17","guid":{"rendered":"https:\/\/senortechsolutions.com\/shop\/product\/chieftec-value-apb-700b8-power-supply-unit-700-w-204-pin-atx-atx-silver\/"},"modified":"2025-11-26T17:13:26","modified_gmt":"2025-11-26T17:13:26","slug":"chieftec-value-apb-700b8-power-supply-unit-700-w-204-pin-atx-atx-silver","status":"publish","type":"product","link":"https:\/\/senortechsolutions.com\/shop\/product\/chieftec-value-apb-700b8-power-supply-unit-700-w-204-pin-atx-atx-silver\/","title":{"rendered":"Chieftec Value APB-700B8 power supply unit 700 W 20+4 pin ATX ATX Silver"},"content":{"rendered":"<p>The new VALUE SERIES offers both quality and 80 PLUS\u00c2\u00ae 230V EU efficiency at a highly competitive pricing. Equipped with a vast amount of required connectors, long native cables and a silent running fan with installed thermal board, the PSU runs quietly on full load and provides REAL POWER, thereby providing all security features. Certified by CE, CB, EAC, T\u00c3\u0153V and amongst many others, it\u00e2\u20ac\u2122s the VALUE choice!<\/p>\n","protected":false},"excerpt":{"rendered":"<p>Chieftec &#8211; Value Series &#8211; 700W &#8211; APB-700B8<\/p>\n","protected":false},"featured_media":24313,"comment_status":"open","ping_status":"open","template":"","meta":[],"product_brand":[],"product_cat":[208,215],"product_tag":[],"class_list":{"0":"post-24312","1":"product","2":"type-product","3":"status-publish","4":"has-post-thumbnail","6":"product_cat-batteries-power-supplies","7":"product_cat-power-supply-units","8":"pa_brand-chieftec","10":"first","11":"instock","12":"taxable","13":"shipping-taxable","14":"product-type-simple"},"_links":{"self":[{"href":"https:\/\/senortechsolutions.com\/shop\/wp-json\/wp\/v2\/product\/24312","targetHints":{"allow":["GET"]}}],"collection":[{"href":"https:\/\/senortechsolutions.com\/shop\/wp-json\/wp\/v2\/product"}],"about":[{"href":"https:\/\/senortechsolutions.com\/shop\/wp-json\/wp\/v2\/types\/product"}],"replies":[{"embeddable":true,"href":"https:\/\/senortechsolutions.com\/shop\/wp-json\/wp\/v2\/comments?post=24312"}],"version-history":[{"count":0,"href":"https:\/\/senortechsolutions.com\/shop\/wp-json\/wp\/v2\/product\/24312\/revisions"}],"wp:featuredmedia":[{"embeddable":true,"href":"https:\/\/senortechsolutions.com\/shop\/wp-json\/wp\/v2\/media\/24313"}],"wp:attachment":[{"href":"https:\/\/senortechsolutions.com\/shop\/wp-json\/wp\/v2\/media?parent=24312"}],"wp:term":[{"taxonomy":"product_brand","embeddable":true,"href":"https:\/\/senortechsolutions.com\/shop\/wp-json\/wp\/v2\/product_brand?post=24312"},{"taxonomy":"product_cat","embeddable":true,"href":"https:\/\/senortechsolutions.com\/shop\/wp-json\/wp\/v2\/product_cat?post=24312"},{"taxonomy":"product_tag","embeddable":true,"href":"https:\/\/senortechsolutions.com\/shop\/wp-json\/wp\/v2\/product_tag?post=24312"}],"curies":[{"name":"wp","href":"https:\/\/api.w.org\/{rel}","templated":true}]}}