{"id":25842,"date":"2025-11-26T17:26:28","date_gmt":"2025-11-26T17:26:28","guid":{"rendered":"https:\/\/senortechsolutions.com\/shop\/product\/samsung-type-c-hzla%c2%b1-azarj-adapta%c2%b6r-25w-syh-smartphone-black-usb-fast-charging\/"},"modified":"2025-11-26T17:26:29","modified_gmt":"2025-11-26T17:26:29","slug":"samsung-type-c-hzla%c2%b1-azarj-adapta%c2%b6r-25w-syh-smartphone-black-usb-fast-charging","status":"publish","type":"product","link":"https:\/\/senortechsolutions.com\/shop\/product\/samsung-type-c-hzla%c2%b1-azarj-adapta%c2%b6r-25w-syh-smartphone-black-usb-fast-charging\/","title":{"rendered":"Samsung Type C Hzl\u00c4\u00b1 \u00c5\u017earj Adapt\u00c3\u00b6r 25W Syh Smartphone Black USB Fast charging"},"content":{"rendered":"<p>Samsung Type C Hzl\u00c4\u00b1 \u00c5\u017earj Adapt\u00c3\u00b6r 25W Syh. Power source type: USB, Charger compatibility: Smartphone. Maximum output voltage: 5 V. USB Type-C ports quantity: 1, Fast charging. Cable length: 1 m, Product colour: Black<\/p>\n","protected":false},"excerpt":{"rendered":"<p>Samsung Type C Hzl\u00c4\u00b1 \u00c5\u017earj Adapt\u00c3\u00b6r 25W Syh, USB, 5 V, 1 m, Black<\/p>\n","protected":false},"featured_media":25843,"comment_status":"open","ping_status":"open","template":"","meta":[],"product_brand":[],"product_cat":[208,214],"product_tag":[],"class_list":{"0":"post-25842","1":"product","2":"type-product","3":"status-publish","4":"has-post-thumbnail","6":"product_cat-batteries-power-supplies","7":"product_cat-mobile-device-chargers","8":"pa_brand-samsung","10":"first","11":"instock","12":"taxable","13":"shipping-taxable","14":"product-type-simple"},"_links":{"self":[{"href":"https:\/\/senortechsolutions.com\/shop\/wp-json\/wp\/v2\/product\/25842","targetHints":{"allow":["GET"]}}],"collection":[{"href":"https:\/\/senortechsolutions.com\/shop\/wp-json\/wp\/v2\/product"}],"about":[{"href":"https:\/\/senortechsolutions.com\/shop\/wp-json\/wp\/v2\/types\/product"}],"replies":[{"embeddable":true,"href":"https:\/\/senortechsolutions.com\/shop\/wp-json\/wp\/v2\/comments?post=25842"}],"version-history":[{"count":0,"href":"https:\/\/senortechsolutions.com\/shop\/wp-json\/wp\/v2\/product\/25842\/revisions"}],"wp:featuredmedia":[{"embeddable":true,"href":"https:\/\/senortechsolutions.com\/shop\/wp-json\/wp\/v2\/media\/25843"}],"wp:attachment":[{"href":"https:\/\/senortechsolutions.com\/shop\/wp-json\/wp\/v2\/media?parent=25842"}],"wp:term":[{"taxonomy":"product_brand","embeddable":true,"href":"https:\/\/senortechsolutions.com\/shop\/wp-json\/wp\/v2\/product_brand?post=25842"},{"taxonomy":"product_cat","embeddable":true,"href":"https:\/\/senortechsolutions.com\/shop\/wp-json\/wp\/v2\/product_cat?post=25842"},{"taxonomy":"product_tag","embeddable":true,"href":"https:\/\/senortechsolutions.com\/shop\/wp-json\/wp\/v2\/product_tag?post=25842"}],"curies":[{"name":"wp","href":"https:\/\/api.w.org\/{rel}","templated":true}]}}